{"id":17,"date":"2023-05-30T11:32:35","date_gmt":"2023-05-30T09:32:35","guid":{"rendered":"https:\/\/energiesz.com\/?page_id=17"},"modified":"2024-02-04T14:57:02","modified_gmt":"2024-02-04T13:57:02","slug":"photovoltaique","status":"publish","type":"page","link":"https:\/\/energiesz.com\/index.php\/photovoltaique\/","title":{"rendered":"Photovolta\u00efque"},"content":{"rendered":"\n<p class=\"has-text-align-center\">Autoconsommation<\/p>\n\n\n\n<p class=\"has-text-align-center\">Jusqu&rsquo;\u00e0 3500\u20ac d&rsquo;\u00e9conomies par an<\/p>\n\n\n\n<p class=\"has-text-align-center\">Revente de surplus ou Totale<\/p>\n\n\n\n<p class=\"has-text-align-center\">Stockage r\u00e9el ou virtuel<\/p>\n\n\n<div class=\"wp-block-image\">\n<figure class=\"aligncenter size-large is-resized\"><img loading=\"lazy\" decoding=\"async\" width=\"1024\" height=\"898\" src=\"https:\/\/energiesz.com\/wp-content\/uploads\/2024\/01\/image-panneaux-pv-rigolo-1024x898.jpg\" alt=\"\" class=\"wp-image-106\" style=\"width:490px;height:auto\" srcset=\"https:\/\/energiesz.com\/wp-content\/uploads\/2024\/01\/image-panneaux-pv-rigolo-1024x898.jpg 1024w, https:\/\/energiesz.com\/wp-content\/uploads\/2024\/01\/image-panneaux-pv-rigolo-300x263.jpg 300w, https:\/\/energiesz.com\/wp-content\/uploads\/2024\/01\/image-panneaux-pv-rigolo-768x674.jpg 768w, https:\/\/energiesz.com\/wp-content\/uploads\/2024\/01\/image-panneaux-pv-rigolo.jpg 1440w\" sizes=\"auto, (max-width: 1024px) 100vw, 1024px\" \/><\/figure>\n<\/div>\n\n<div class=\"wp-block-image\">\n<figure class=\"aligncenter size-large is-resized\"><img loading=\"lazy\" decoding=\"async\" width=\"1024\" height=\"1015\" src=\"https:\/\/energiesz.com\/wp-content\/uploads\/2024\/01\/image-panneaux-en-surimposition-1024x1015.jpg\" alt=\"\" class=\"wp-image-107\" style=\"width:332px;height:auto\" srcset=\"https:\/\/energiesz.com\/wp-content\/uploads\/2024\/01\/image-panneaux-en-surimposition-1024x1015.jpg 1024w, https:\/\/energiesz.com\/wp-content\/uploads\/2024\/01\/image-panneaux-en-surimposition-300x297.jpg 300w, https:\/\/energiesz.com\/wp-content\/uploads\/2024\/01\/image-panneaux-en-surimposition-150x150.jpg 150w, https:\/\/energiesz.com\/wp-content\/uploads\/2024\/01\/image-panneaux-en-surimposition-768x761.jpg 768w, https:\/\/energiesz.com\/wp-content\/uploads\/2024\/01\/image-panneaux-en-surimposition.jpg 1440w\" sizes=\"auto, (max-width: 1024px) 100vw, 1024px\" \/><figcaption class=\"wp-element-caption\">Installation en surimposition <\/figcaption><\/figure>\n<\/div>\n\n<div class=\"wp-block-image\">\n<figure class=\"aligncenter size-large is-resized\"><img loading=\"lazy\" decoding=\"async\" width=\"1024\" height=\"699\" src=\"https:\/\/energiesz.com\/wp-content\/uploads\/2024\/01\/panneaux-au-sol-sur-chassis-1024x699.jpg\" alt=\"\" class=\"wp-image-108\" style=\"width:438px;height:auto\" srcset=\"https:\/\/energiesz.com\/wp-content\/uploads\/2024\/01\/panneaux-au-sol-sur-chassis-1024x699.jpg 1024w, https:\/\/energiesz.com\/wp-content\/uploads\/2024\/01\/panneaux-au-sol-sur-chassis-300x205.jpg 300w, https:\/\/energiesz.com\/wp-content\/uploads\/2024\/01\/panneaux-au-sol-sur-chassis-768x524.jpg 768w, https:\/\/energiesz.com\/wp-content\/uploads\/2024\/01\/panneaux-au-sol-sur-chassis.jpg 1440w\" sizes=\"auto, (max-width: 1024px) 100vw, 1024px\" \/><figcaption class=\"wp-element-caption\">Installation au sol<\/figcaption><\/figure>\n<\/div>\n\n<div class=\"wp-block-image\">\n<figure class=\"aligncenter size-large is-resized\"><img loading=\"lazy\" decoding=\"async\" width=\"1019\" height=\"1024\" src=\"https:\/\/energiesz.com\/wp-content\/uploads\/2024\/01\/image-bacs-a-laister-1019x1024.jpg\" alt=\"\" class=\"wp-image-109\" style=\"width:474px;height:auto\" srcset=\"https:\/\/energiesz.com\/wp-content\/uploads\/2024\/01\/image-bacs-a-laister-1019x1024.jpg 1019w, https:\/\/energiesz.com\/wp-content\/uploads\/2024\/01\/image-bacs-a-laister-300x300.jpg 300w, https:\/\/energiesz.com\/wp-content\/uploads\/2024\/01\/image-bacs-a-laister-150x150.jpg 150w, https:\/\/energiesz.com\/wp-content\/uploads\/2024\/01\/image-bacs-a-laister-768x772.jpg 768w, https:\/\/energiesz.com\/wp-content\/uploads\/2024\/01\/image-bacs-a-laister.jpg 1440w\" sizes=\"auto, (max-width: 1019px) 100vw, 1019px\" \/><figcaption class=\"wp-element-caption\">Sur Toiture terrasse <\/figcaption><\/figure>\n<\/div>\n\n<div class=\"wp-block-image\">\n<figure class=\"aligncenter size-large\"><img loading=\"lazy\" decoding=\"async\" width=\"832\" height=\"1024\" src=\"https:\/\/energiesz.com\/wp-content\/uploads\/2024\/01\/pv-economie-avecet-sans-832x1024.jpg\" alt=\"\" class=\"wp-image-191\" srcset=\"https:\/\/energiesz.com\/wp-content\/uploads\/2024\/01\/pv-economie-avecet-sans-832x1024.jpg 832w, https:\/\/energiesz.com\/wp-content\/uploads\/2024\/01\/pv-economie-avecet-sans-244x300.jpg 244w, https:\/\/energiesz.com\/wp-content\/uploads\/2024\/01\/pv-economie-avecet-sans-768x946.jpg 768w, https:\/\/energiesz.com\/wp-content\/uploads\/2024\/01\/pv-economie-avecet-sans-1248x1536.jpg 1248w, https:\/\/energiesz.com\/wp-content\/uploads\/2024\/01\/pv-economie-avecet-sans.jpg 1440w\" sizes=\"auto, (max-width: 832px) 100vw, 832px\" \/><\/figure>\n<\/div>\n\n<div class=\"wp-block-image\">\n<figure class=\"aligncenter size-large\"><img loading=\"lazy\" decoding=\"async\" width=\"1024\" height=\"857\" src=\"https:\/\/energiesz.com\/wp-content\/uploads\/2024\/02\/Screenshot_20240120_113214_com.instagram.android_edit_288541315170554-1024x857.jpg\" alt=\"\" class=\"wp-image-199\" srcset=\"https:\/\/energiesz.com\/wp-content\/uploads\/2024\/02\/Screenshot_20240120_113214_com.instagram.android_edit_288541315170554-1024x857.jpg 1024w, https:\/\/energiesz.com\/wp-content\/uploads\/2024\/02\/Screenshot_20240120_113214_com.instagram.android_edit_288541315170554-300x251.jpg 300w, https:\/\/energiesz.com\/wp-content\/uploads\/2024\/02\/Screenshot_20240120_113214_com.instagram.android_edit_288541315170554-768x643.jpg 768w, https:\/\/energiesz.com\/wp-content\/uploads\/2024\/02\/Screenshot_20240120_113214_com.instagram.android_edit_288541315170554.jpg 1440w\" sizes=\"auto, (max-width: 1024px) 100vw, 1024px\" \/><\/figure>\n<\/div>\n\n\n<p class=\"has-text-align-center\">Quelques r\u00e9alisations pour nos clients<\/p>\n\n\n<div class=\"wp-block-image\">\n<figure class=\"aligncenter size-large\"><img loading=\"lazy\" decoding=\"async\" width=\"1024\" height=\"494\" src=\"https:\/\/energiesz.com\/wp-content\/uploads\/2024\/02\/Screenshot_20240202_201856-1024x494.jpg\" alt=\"\" class=\"wp-image-200\" srcset=\"https:\/\/energiesz.com\/wp-content\/uploads\/2024\/02\/Screenshot_20240202_201856-1024x494.jpg 1024w, https:\/\/energiesz.com\/wp-content\/uploads\/2024\/02\/Screenshot_20240202_201856-300x145.jpg 300w, https:\/\/energiesz.com\/wp-content\/uploads\/2024\/02\/Screenshot_20240202_201856-768x371.jpg 768w, https:\/\/energiesz.com\/wp-content\/uploads\/2024\/02\/Screenshot_20240202_201856.jpg 1440w\" sizes=\"auto, (max-width: 1024px) 100vw, 1024px\" \/><\/figure>\n<\/div>\n\n<div class=\"wp-block-image\">\n<figure class=\"aligncenter size-large\"><img loading=\"lazy\" decoding=\"async\" width=\"1024\" height=\"768\" src=\"https:\/\/energiesz.com\/wp-content\/uploads\/2024\/02\/IMG-20240201-WA0010-1024x768.jpg\" alt=\"\" class=\"wp-image-201\" srcset=\"https:\/\/energiesz.com\/wp-content\/uploads\/2024\/02\/IMG-20240201-WA0010-1024x768.jpg 1024w, https:\/\/energiesz.com\/wp-content\/uploads\/2024\/02\/IMG-20240201-WA0010-300x225.jpg 300w, https:\/\/energiesz.com\/wp-content\/uploads\/2024\/02\/IMG-20240201-WA0010-768x576.jpg 768w, https:\/\/energiesz.com\/wp-content\/uploads\/2024\/02\/IMG-20240201-WA0010-1536x1152.jpg 1536w, https:\/\/energiesz.com\/wp-content\/uploads\/2024\/02\/IMG-20240201-WA0010.jpg 1600w\" sizes=\"auto, (max-width: 1024px) 100vw, 1024px\" \/><\/figure>\n<\/div>\n\n<div class=\"wp-block-image\">\n<figure class=\"aligncenter size-large\"><img loading=\"lazy\" decoding=\"async\" width=\"1024\" height=\"768\" src=\"https:\/\/energiesz.com\/wp-content\/uploads\/2024\/02\/IMG-20220711-WA0005-1024x768.jpg\" alt=\"\" class=\"wp-image-203\" srcset=\"https:\/\/energiesz.com\/wp-content\/uploads\/2024\/02\/IMG-20220711-WA0005-1024x768.jpg 1024w, https:\/\/energiesz.com\/wp-content\/uploads\/2024\/02\/IMG-20220711-WA0005-300x225.jpg 300w, https:\/\/energiesz.com\/wp-content\/uploads\/2024\/02\/IMG-20220711-WA0005-768x576.jpg 768w, https:\/\/energiesz.com\/wp-content\/uploads\/2024\/02\/IMG-20220711-WA0005-1536x1152.jpg 1536w, https:\/\/energiesz.com\/wp-content\/uploads\/2024\/02\/IMG-20220711-WA0005.jpg 1600w\" sizes=\"auto, (max-width: 1024px) 100vw, 1024px\" \/><\/figure>\n<\/div>\n\n<div class=\"wp-block-image\">\n<figure class=\"aligncenter size-large\"><img loading=\"lazy\" decoding=\"async\" width=\"768\" height=\"1024\" src=\"https:\/\/energiesz.com\/wp-content\/uploads\/2024\/02\/IMG-20220714-WA0002-768x1024.jpg\" alt=\"\" class=\"wp-image-204\" srcset=\"https:\/\/energiesz.com\/wp-content\/uploads\/2024\/02\/IMG-20220714-WA0002-768x1024.jpg 768w, https:\/\/energiesz.com\/wp-content\/uploads\/2024\/02\/IMG-20220714-WA0002-225x300.jpg 225w, https:\/\/energiesz.com\/wp-content\/uploads\/2024\/02\/IMG-20220714-WA0002-1152x1536.jpg 1152w, https:\/\/energiesz.com\/wp-content\/uploads\/2024\/02\/IMG-20220714-WA0002.jpg 1200w\" sizes=\"auto, (max-width: 768px) 100vw, 768px\" \/><\/figure>\n<\/div>\n\n<div class=\"wp-block-image\">\n<figure class=\"aligncenter size-full\"><img loading=\"lazy\" decoding=\"async\" width=\"768\" height=\"1024\" src=\"https:\/\/energiesz.com\/wp-content\/uploads\/2024\/02\/IMG-20221116-WA0001.jpg\" alt=\"\" class=\"wp-image-206\" srcset=\"https:\/\/energiesz.com\/wp-content\/uploads\/2024\/02\/IMG-20221116-WA0001.jpg 768w, https:\/\/energiesz.com\/wp-content\/uploads\/2024\/02\/IMG-20221116-WA0001-225x300.jpg 225w\" sizes=\"auto, (max-width: 768px) 100vw, 768px\" \/><\/figure>\n<\/div>\n\n<div class=\"wp-block-image\">\n<figure class=\"aligncenter size-full\"><img loading=\"lazy\" decoding=\"async\" width=\"1024\" height=\"768\" src=\"https:\/\/energiesz.com\/wp-content\/uploads\/2024\/02\/IMG-20221117-WA0006.jpg\" alt=\"\" class=\"wp-image-207\" srcset=\"https:\/\/energiesz.com\/wp-content\/uploads\/2024\/02\/IMG-20221117-WA0006.jpg 1024w, https:\/\/energiesz.com\/wp-content\/uploads\/2024\/02\/IMG-20221117-WA0006-300x225.jpg 300w, https:\/\/energiesz.com\/wp-content\/uploads\/2024\/02\/IMG-20221117-WA0006-768x576.jpg 768w\" sizes=\"auto, (max-width: 1024px) 100vw, 1024px\" \/><\/figure>\n<\/div>\n\n<div class=\"wp-block-image\">\n<figure class=\"aligncenter size-full\"><img loading=\"lazy\" decoding=\"async\" width=\"768\" height=\"1024\" src=\"https:\/\/energiesz.com\/wp-content\/uploads\/2024\/02\/IMG-20230208-WA0010.jpg\" alt=\"\" class=\"wp-image-208\" srcset=\"https:\/\/energiesz.com\/wp-content\/uploads\/2024\/02\/IMG-20230208-WA0010.jpg 768w, https:\/\/energiesz.com\/wp-content\/uploads\/2024\/02\/IMG-20230208-WA0010-225x300.jpg 225w\" sizes=\"auto, (max-width: 768px) 100vw, 768px\" \/><\/figure>\n<\/div>\n\n<div class=\"wp-block-image\">\n<figure class=\"aligncenter size-full\"><img loading=\"lazy\" decoding=\"async\" width=\"768\" height=\"1024\" src=\"https:\/\/energiesz.com\/wp-content\/uploads\/2024\/02\/IMG-20230405-WA0007.jpg\" alt=\"\" class=\"wp-image-209\" srcset=\"https:\/\/energiesz.com\/wp-content\/uploads\/2024\/02\/IMG-20230405-WA0007.jpg 768w, https:\/\/energiesz.com\/wp-content\/uploads\/2024\/02\/IMG-20230405-WA0007-225x300.jpg 225w\" sizes=\"auto, (max-width: 768px) 100vw, 768px\" \/><\/figure>\n<\/div>\n\n<div class=\"wp-block-image\">\n<figure class=\"aligncenter size-large\"><img loading=\"lazy\" decoding=\"async\" width=\"1024\" height=\"768\" src=\"https:\/\/energiesz.com\/wp-content\/uploads\/2024\/02\/IMG-20230405-WA0009-1024x768.jpg\" alt=\"\" class=\"wp-image-210\" srcset=\"https:\/\/energiesz.com\/wp-content\/uploads\/2024\/02\/IMG-20230405-WA0009-1024x768.jpg 1024w, https:\/\/energiesz.com\/wp-content\/uploads\/2024\/02\/IMG-20230405-WA0009-300x225.jpg 300w, https:\/\/energiesz.com\/wp-content\/uploads\/2024\/02\/IMG-20230405-WA0009-768x576.jpg 768w, https:\/\/energiesz.com\/wp-content\/uploads\/2024\/02\/IMG-20230405-WA0009-1536x1152.jpg 1536w, https:\/\/energiesz.com\/wp-content\/uploads\/2024\/02\/IMG-20230405-WA0009.jpg 1600w\" sizes=\"auto, (max-width: 1024px) 100vw, 1024px\" \/><\/figure>\n<\/div>\n\n<div class=\"wp-block-image\">\n<figure class=\"aligncenter size-large\"><img loading=\"lazy\" decoding=\"async\" width=\"768\" height=\"1024\" src=\"https:\/\/energiesz.com\/wp-content\/uploads\/2024\/02\/IMG-20230406-WA0005-768x1024.jpg\" alt=\"\" class=\"wp-image-211\" srcset=\"https:\/\/energiesz.com\/wp-content\/uploads\/2024\/02\/IMG-20230406-WA0005-768x1024.jpg 768w, https:\/\/energiesz.com\/wp-content\/uploads\/2024\/02\/IMG-20230406-WA0005-225x300.jpg 225w, https:\/\/energiesz.com\/wp-content\/uploads\/2024\/02\/IMG-20230406-WA0005-1152x1536.jpg 1152w, https:\/\/energiesz.com\/wp-content\/uploads\/2024\/02\/IMG-20230406-WA0005.jpg 1536w\" sizes=\"auto, (max-width: 768px) 100vw, 768px\" \/><\/figure>\n<\/div>\n\n<div class=\"wp-block-image\">\n<figure class=\"aligncenter size-large\"><img loading=\"lazy\" decoding=\"async\" width=\"768\" height=\"1024\" src=\"https:\/\/energiesz.com\/wp-content\/uploads\/2024\/02\/IMG-20230502-WA0007-768x1024.jpg\" alt=\"\" class=\"wp-image-212\" srcset=\"https:\/\/energiesz.com\/wp-content\/uploads\/2024\/02\/IMG-20230502-WA0007-768x1024.jpg 768w, https:\/\/energiesz.com\/wp-content\/uploads\/2024\/02\/IMG-20230502-WA0007-225x300.jpg 225w, https:\/\/energiesz.com\/wp-content\/uploads\/2024\/02\/IMG-20230502-WA0007-1152x1536.jpg 1152w, https:\/\/energiesz.com\/wp-content\/uploads\/2024\/02\/IMG-20230502-WA0007.jpg 1536w\" sizes=\"auto, (max-width: 768px) 100vw, 768px\" \/><\/figure>\n<\/div>\n\n<div class=\"wp-block-image\">\n<figure class=\"aligncenter size-large\"><img loading=\"lazy\" decoding=\"async\" width=\"1024\" height=\"760\" src=\"https:\/\/energiesz.com\/wp-content\/uploads\/2024\/02\/Screenshot_20240203_113143_com.whatsapp_edit_18433511968019-1024x760.jpg\" alt=\"\" class=\"wp-image-213\" srcset=\"https:\/\/energiesz.com\/wp-content\/uploads\/2024\/02\/Screenshot_20240203_113143_com.whatsapp_edit_18433511968019-1024x760.jpg 1024w, https:\/\/energiesz.com\/wp-content\/uploads\/2024\/02\/Screenshot_20240203_113143_com.whatsapp_edit_18433511968019-300x223.jpg 300w, https:\/\/energiesz.com\/wp-content\/uploads\/2024\/02\/Screenshot_20240203_113143_com.whatsapp_edit_18433511968019-768x570.jpg 768w, https:\/\/energiesz.com\/wp-content\/uploads\/2024\/02\/Screenshot_20240203_113143_com.whatsapp_edit_18433511968019.jpg 1440w\" sizes=\"auto, (max-width: 1024px) 100vw, 1024px\" \/><\/figure>\n<\/div>\n\n<div class=\"wp-block-image\">\n<figure class=\"aligncenter size-large\"><img loading=\"lazy\" decoding=\"async\" width=\"772\" height=\"1024\" src=\"https:\/\/energiesz.com\/wp-content\/uploads\/2024\/02\/Screenshot_20240203_113217_com.whatsapp_edit_18421302146667-772x1024.jpg\" alt=\"\" class=\"wp-image-214\" srcset=\"https:\/\/energiesz.com\/wp-content\/uploads\/2024\/02\/Screenshot_20240203_113217_com.whatsapp_edit_18421302146667-772x1024.jpg 772w, https:\/\/energiesz.com\/wp-content\/uploads\/2024\/02\/Screenshot_20240203_113217_com.whatsapp_edit_18421302146667-226x300.jpg 226w, https:\/\/energiesz.com\/wp-content\/uploads\/2024\/02\/Screenshot_20240203_113217_com.whatsapp_edit_18421302146667-768x1019.jpg 768w, https:\/\/energiesz.com\/wp-content\/uploads\/2024\/02\/Screenshot_20240203_113217_com.whatsapp_edit_18421302146667-1158x1536.jpg 1158w, https:\/\/energiesz.com\/wp-content\/uploads\/2024\/02\/Screenshot_20240203_113217_com.whatsapp_edit_18421302146667.jpg 1440w\" sizes=\"auto, (max-width: 772px) 100vw, 772px\" \/><\/figure>\n<\/div>\n\n<div class=\"wp-block-image\">\n<figure class=\"aligncenter size-large\"><img loading=\"lazy\" decoding=\"async\" width=\"1024\" height=\"768\" src=\"https:\/\/energiesz.com\/wp-content\/uploads\/2024\/02\/pv1-1024x768.jpg\" alt=\"\" class=\"wp-image-216\" srcset=\"https:\/\/energiesz.com\/wp-content\/uploads\/2024\/02\/pv1-1024x768.jpg 1024w, https:\/\/energiesz.com\/wp-content\/uploads\/2024\/02\/pv1-300x225.jpg 300w, https:\/\/energiesz.com\/wp-content\/uploads\/2024\/02\/pv1-768x576.jpg 768w, https:\/\/energiesz.com\/wp-content\/uploads\/2024\/02\/pv1-1536x1152.jpg 1536w, https:\/\/energiesz.com\/wp-content\/uploads\/2024\/02\/pv1.jpg 1600w\" sizes=\"auto, (max-width: 1024px) 100vw, 1024px\" \/><\/figure>\n<\/div>\n\n<div class=\"wp-block-image\">\n<figure class=\"aligncenter size-large\"><img loading=\"lazy\" decoding=\"async\" width=\"1024\" height=\"768\" src=\"https:\/\/energiesz.com\/wp-content\/uploads\/2024\/02\/pv2-1024x768.jpg\" alt=\"\" class=\"wp-image-218\" srcset=\"https:\/\/energiesz.com\/wp-content\/uploads\/2024\/02\/pv2-1024x768.jpg 1024w, https:\/\/energiesz.com\/wp-content\/uploads\/2024\/02\/pv2-300x225.jpg 300w, https:\/\/energiesz.com\/wp-content\/uploads\/2024\/02\/pv2-768x576.jpg 768w, https:\/\/energiesz.com\/wp-content\/uploads\/2024\/02\/pv2-1536x1152.jpg 1536w, https:\/\/energiesz.com\/wp-content\/uploads\/2024\/02\/pv2.jpg 1600w\" sizes=\"auto, (max-width: 1024px) 100vw, 1024px\" \/><\/figure>\n<\/div>\n\n<div class=\"wp-block-image\">\n<figure class=\"aligncenter size-large\"><img loading=\"lazy\" decoding=\"async\" width=\"851\" height=\"1024\" src=\"https:\/\/energiesz.com\/wp-content\/uploads\/2024\/02\/pv3-851x1024.jpg\" alt=\"\" class=\"wp-image-219\" srcset=\"https:\/\/energiesz.com\/wp-content\/uploads\/2024\/02\/pv3-851x1024.jpg 851w, https:\/\/energiesz.com\/wp-content\/uploads\/2024\/02\/pv3-249x300.jpg 249w, https:\/\/energiesz.com\/wp-content\/uploads\/2024\/02\/pv3-768x925.jpg 768w, https:\/\/energiesz.com\/wp-content\/uploads\/2024\/02\/pv3.jpg 1025w\" sizes=\"auto, (max-width: 851px) 100vw, 851px\" \/><\/figure>\n<\/div>\n\n<div class=\"wp-block-image\">\n<figure class=\"aligncenter size-large\"><img loading=\"lazy\" decoding=\"async\" width=\"768\" height=\"1024\" src=\"https:\/\/energiesz.com\/wp-content\/uploads\/2024\/02\/IMG-20240204-WA0000-768x1024.jpg\" alt=\"\" class=\"wp-image-221\" srcset=\"https:\/\/energiesz.com\/wp-content\/uploads\/2024\/02\/IMG-20240204-WA0000-768x1024.jpg 768w, https:\/\/energiesz.com\/wp-content\/uploads\/2024\/02\/IMG-20240204-WA0000-225x300.jpg 225w, https:\/\/energiesz.com\/wp-content\/uploads\/2024\/02\/IMG-20240204-WA0000-1152x1536.jpg 1152w, https:\/\/energiesz.com\/wp-content\/uploads\/2024\/02\/IMG-20240204-WA0000.jpg 1536w\" sizes=\"auto, (max-width: 768px) 100vw, 768px\" \/><\/figure>\n<\/div>\n\n<div class=\"wp-block-image\">\n<figure class=\"aligncenter size-large\"><img loading=\"lazy\" decoding=\"async\" width=\"768\" height=\"1024\" src=\"https:\/\/energiesz.com\/wp-content\/uploads\/2024\/02\/IMG-20240204-WA0005-768x1024.jpg\" alt=\"\" class=\"wp-image-222\" srcset=\"https:\/\/energiesz.com\/wp-content\/uploads\/2024\/02\/IMG-20240204-WA0005-768x1024.jpg 768w, https:\/\/energiesz.com\/wp-content\/uploads\/2024\/02\/IMG-20240204-WA0005-225x300.jpg 225w, https:\/\/energiesz.com\/wp-content\/uploads\/2024\/02\/IMG-20240204-WA0005-1152x1536.jpg 1152w, https:\/\/energiesz.com\/wp-content\/uploads\/2024\/02\/IMG-20240204-WA0005.jpg 1200w\" sizes=\"auto, (max-width: 768px) 100vw, 768px\" \/><\/figure>\n<\/div>\n\n<div class=\"wp-block-image\">\n<figure class=\"aligncenter size-large\"><img loading=\"lazy\" decoding=\"async\" width=\"768\" height=\"1024\" src=\"https:\/\/energiesz.com\/wp-content\/uploads\/2024\/02\/IMG-20240204-WA0017-768x1024.jpg\" alt=\"\" class=\"wp-image-224\" srcset=\"https:\/\/energiesz.com\/wp-content\/uploads\/2024\/02\/IMG-20240204-WA0017-768x1024.jpg 768w, https:\/\/energiesz.com\/wp-content\/uploads\/2024\/02\/IMG-20240204-WA0017-225x300.jpg 225w, https:\/\/energiesz.com\/wp-content\/uploads\/2024\/02\/IMG-20240204-WA0017-1152x1536.jpg 1152w, https:\/\/energiesz.com\/wp-content\/uploads\/2024\/02\/IMG-20240204-WA0017.jpg 1200w\" sizes=\"auto, (max-width: 768px) 100vw, 768px\" \/><\/figure>\n<\/div>\n\n<div class=\"wp-block-image\">\n<figure class=\"aligncenter size-large\"><img loading=\"lazy\" decoding=\"async\" width=\"768\" height=\"1024\" src=\"https:\/\/energiesz.com\/wp-content\/uploads\/2024\/02\/IMG-20240204-WA0021-768x1024.jpg\" alt=\"\" class=\"wp-image-225\" srcset=\"https:\/\/energiesz.com\/wp-content\/uploads\/2024\/02\/IMG-20240204-WA0021-768x1024.jpg 768w, https:\/\/energiesz.com\/wp-content\/uploads\/2024\/02\/IMG-20240204-WA0021-225x300.jpg 225w, https:\/\/energiesz.com\/wp-content\/uploads\/2024\/02\/IMG-20240204-WA0021-1152x1536.jpg 1152w, https:\/\/energiesz.com\/wp-content\/uploads\/2024\/02\/IMG-20240204-WA0021.jpg 1200w\" sizes=\"auto, (max-width: 768px) 100vw, 768px\" \/><\/figure>\n<\/div>\n\n<div class=\"wp-block-image\">\n<figure class=\"aligncenter size-large\"><img loading=\"lazy\" decoding=\"async\" width=\"1024\" height=\"768\" src=\"https:\/\/energiesz.com\/wp-content\/uploads\/2024\/02\/IMG-20240204-WA0025-1024x768.jpg\" alt=\"\" class=\"wp-image-226\" srcset=\"https:\/\/energiesz.com\/wp-content\/uploads\/2024\/02\/IMG-20240204-WA0025-1024x768.jpg 1024w, https:\/\/energiesz.com\/wp-content\/uploads\/2024\/02\/IMG-20240204-WA0025-300x225.jpg 300w, https:\/\/energiesz.com\/wp-content\/uploads\/2024\/02\/IMG-20240204-WA0025-768x576.jpg 768w, https:\/\/energiesz.com\/wp-content\/uploads\/2024\/02\/IMG-20240204-WA0025-1536x1152.jpg 1536w, https:\/\/energiesz.com\/wp-content\/uploads\/2024\/02\/IMG-20240204-WA0025.jpg 1600w\" sizes=\"auto, (max-width: 1024px) 100vw, 1024px\" \/><\/figure>\n<\/div>\n\n<div class=\"wp-block-image\">\n<figure class=\"aligncenter size-large\"><img loading=\"lazy\" decoding=\"async\" width=\"768\" height=\"1024\" src=\"https:\/\/energiesz.com\/wp-content\/uploads\/2024\/02\/IMG-20240204-WA0027-768x1024.jpg\" alt=\"\" class=\"wp-image-227\" srcset=\"https:\/\/energiesz.com\/wp-content\/uploads\/2024\/02\/IMG-20240204-WA0027-768x1024.jpg 768w, https:\/\/energiesz.com\/wp-content\/uploads\/2024\/02\/IMG-20240204-WA0027-225x300.jpg 225w, https:\/\/energiesz.com\/wp-content\/uploads\/2024\/02\/IMG-20240204-WA0027-1152x1536.jpg 1152w, https:\/\/energiesz.com\/wp-content\/uploads\/2024\/02\/IMG-20240204-WA0027.jpg 1200w\" sizes=\"auto, (max-width: 768px) 100vw, 768px\" \/><\/figure>\n<\/div>\n\n<div class=\"wp-block-image\">\n<figure class=\"aligncenter size-large\"><img loading=\"lazy\" decoding=\"async\" width=\"768\" height=\"1024\" src=\"https:\/\/energiesz.com\/wp-content\/uploads\/2024\/02\/IMG-20240204-WA0028-768x1024.jpg\" alt=\"\" class=\"wp-image-228\" srcset=\"https:\/\/energiesz.com\/wp-content\/uploads\/2024\/02\/IMG-20240204-WA0028-768x1024.jpg 768w, https:\/\/energiesz.com\/wp-content\/uploads\/2024\/02\/IMG-20240204-WA0028-225x300.jpg 225w, https:\/\/energiesz.com\/wp-content\/uploads\/2024\/02\/IMG-20240204-WA0028-1152x1536.jpg 1152w, https:\/\/energiesz.com\/wp-content\/uploads\/2024\/02\/IMG-20240204-WA0028.jpg 1536w\" sizes=\"auto, (max-width: 768px) 100vw, 768px\" \/><\/figure>\n<\/div>","protected":false},"excerpt":{"rendered":"<p>Autoconsommation Jusqu&rsquo;\u00e0 3500\u20ac d&rsquo;\u00e9conomies par an Revente de surplus ou Totale Stockage r\u00e9el ou virtuel Quelques r\u00e9alisations pour nos clients<\/p>\n","protected":false},"author":1,"featured_media":0,"parent":0,"menu_order":0,"comment_status":"closed","ping_status":"closed","template":"","meta":{"om_disable_all_campaigns":false,"_monsterinsights_skip_tracking":false,"_monsterinsights_sitenote_active":false,"_monsterinsights_sitenote_note":"","_monsterinsights_sitenote_category":0,"footnotes":""},"class_list":["post-17","page","type-page","status-publish","hentry"],"aioseo_notices":[],"_links":{"self":[{"href":"https:\/\/energiesz.com\/index.php\/wp-json\/wp\/v2\/pages\/17","targetHints":{"allow":["GET"]}}],"collection":[{"href":"https:\/\/energiesz.com\/index.php\/wp-json\/wp\/v2\/pages"}],"about":[{"href":"https:\/\/energiesz.com\/index.php\/wp-json\/wp\/v2\/types\/page"}],"author":[{"embeddable":true,"href":"https:\/\/energiesz.com\/index.php\/wp-json\/wp\/v2\/users\/1"}],"replies":[{"embeddable":true,"href":"https:\/\/energiesz.com\/index.php\/wp-json\/wp\/v2\/comments?post=17"}],"version-history":[{"count":11,"href":"https:\/\/energiesz.com\/index.php\/wp-json\/wp\/v2\/pages\/17\/revisions"}],"predecessor-version":[{"id":231,"href":"https:\/\/energiesz.com\/index.php\/wp-json\/wp\/v2\/pages\/17\/revisions\/231"}],"wp:attachment":[{"href":"https:\/\/energiesz.com\/index.php\/wp-json\/wp\/v2\/media?parent=17"}],"curies":[{"name":"wp","href":"https:\/\/api.w.org\/{rel}","templated":true}]}}